{"id":1682,"date":"2024-11-29T11:21:32","date_gmt":"2024-11-29T11:21:32","guid":{"rendered":"https:\/\/llumyoga.rkinformatika.online\/?page_id=1682"},"modified":"2025-09-05T12:51:45","modified_gmt":"2025-09-05T12:51:45","slug":"eventos","status":"publish","type":"page","link":"https:\/\/llumyoga.com\/eus\/eventos\/","title":{"rendered":"Ekitaldiak"},"content":{"rendered":"<div data-elementor-type=\"wp-page\" data-elementor-id=\"1682\" class=\"elementor elementor-1682\" data-elementor-post-type=\"page\">\n\t\t\t\t\t\t<section class=\"elementor-section elementor-top-section elementor-element elementor-element-54a1df75 elementor-section-full_width elementor-section-height-default elementor-section-height-default\" data-id=\"54a1df75\" data-element_type=\"section\" data-e-type=\"section\" data-settings=\"{&quot;background_background&quot;:&quot;classic&quot;}\">\n\t\t\t\t\t\t\t<div class=\"elementor-background-overlay\"><\/div>\n\t\t\t\t\t\t\t<div class=\"elementor-container elementor-column-gap-default\">\n\t\t\t\t\t<div class=\"elementor-column elementor-col-100 elementor-top-column elementor-element elementor-element-4c5d3a1c\" data-id=\"4c5d3a1c\" data-element_type=\"column\" data-e-type=\"column\">\n\t\t\t<div class=\"elementor-widget-wrap elementor-element-populated\">\n\t\t\t\t\t\t<div class=\"elementor-element elementor-element-2bd011bb elementor-widget__width-auto elementor-invisible elementor-widget elementor-widget-heading\" data-id=\"2bd011bb\" data-element_type=\"widget\" data-e-type=\"widget\" data-settings=\"{&quot;_animation&quot;:&quot;zoomInRight&quot;}\" data-widget_type=\"heading.default\">\n\t\t\t\t<div class=\"elementor-widget-container\">\n\t\t\t\t\t<h6 class=\"elementor-heading-title elementor-size-default\">Ekitaldiak<\/h6>\t\t\t\t<\/div>\n\t\t\t\t<\/div>\n\t\t\t\t<div class=\"elementor-element elementor-element-80c9529 elementor-icon-list--layout-inline elementor-align-start elementor-mobile-align-start elementor-list-item-link-full_width elementor-invisible elementor-widget elementor-widget-icon-list\" data-id=\"80c9529\" data-element_type=\"widget\" data-e-type=\"widget\" data-settings=\"{&quot;_animation&quot;:&quot;zoomIn&quot;}\" data-widget_type=\"icon-list.default\">\n\t\t\t\t<div class=\"elementor-widget-container\">\n\t\t\t\t\t\t\t<ul class=\"elementor-icon-list-items elementor-inline-items\">\n\t\t\t\t\t\t\t<li class=\"elementor-icon-list-item elementor-inline-item\">\n\t\t\t\t\t\t\t\t\t\t\t<a href=\"https:\/\/llumyoga.com\/eus\/equipo\/\">\n\n\t\t\t\t\t\t\t\t\t\t\t<span class=\"elementor-icon-list-text\">Equipo<\/span>\n\t\t\t\t\t\t\t\t\t\t\t<\/a>\n\t\t\t\t\t\t\t\t\t<\/li>\n\t\t\t\t\t\t\t\t<li class=\"elementor-icon-list-item elementor-inline-item\">\n\t\t\t\t\t\t\t\t\t\t\t<a href=\"https:\/\/llumyoga.com\/eus\/yoga\/\">\n\n\t\t\t\t\t\t\t\t\t\t\t\t<span class=\"elementor-icon-list-icon\">\n\t\t\t\t\t\t\t<svg aria-hidden=\"true\" class=\"e-font-icon-svg e-fas-angle-right\" viewbox=\"0 0 256 512\" xmlns=\"http:\/\/www.w3.org\/2000\/svg\"><path d=\"M224.3 273l-136 136c-9.4 9.4-24.6 9.4-33.9 0l-22.6-22.6c-9.4-9.4-9.4-24.6 0-33.9l96.4-96.4-96.4-96.4c-9.4-9.4-9.4-24.6 0-33.9L54.3 103c9.4-9.4 24.6-9.4 33.9 0l136 136c9.5 9.4 9.5 24.6.1 34z\"><\/path><\/svg>\t\t\t\t\t\t<\/span>\n\t\t\t\t\t\t\t\t\t\t<span class=\"elementor-icon-list-text\">Yoga<\/span>\n\t\t\t\t\t\t\t\t\t\t\t<\/a>\n\t\t\t\t\t\t\t\t\t<\/li>\n\t\t\t\t\t\t<\/ul>\n\t\t\t\t\t\t<\/div>\n\t\t\t\t<\/div>\n\t\t\t\t\t<\/div>\n\t\t<\/div>\n\t\t\t\t\t<\/div>\n\t\t<\/section>\n\t\t<div class=\"elementor-element elementor-element-422a261 e-flex e-con-boxed e-con e-parent\" data-id=\"422a261\" data-element_type=\"container\" data-e-type=\"container\">\n\t\t\t\t\t<div class=\"e-con-inner\">\n\t\t<div class=\"elementor-element elementor-element-a2e3a7e e-con-full e-flex e-con e-child\" data-id=\"a2e3a7e\" data-element_type=\"container\" data-e-type=\"container\">\n\t\t\t\t<div class=\"elementor-element elementor-element-6839be4 elementor-widget elementor-widget-image\" data-id=\"6839be4\" data-element_type=\"widget\" data-e-type=\"widget\" data-widget_type=\"image.default\">\n\t\t\t\t<div class=\"elementor-widget-container\">\n\t\t\t\t\t\t\t\t\t\t\t\t\t\t\t<img decoding=\"async\" src=\"https:\/\/llumyoga.com\/wp-content\/plugins\/elementor\/assets\/images\/placeholder.png\" title=\"\" alt=\"\" loading=\"lazy\" \/>\t\t\t\t\t\t\t\t\t\t\t\t\t\t\t<\/div>\n\t\t\t\t<\/div>\n\t\t\t\t<div class=\"elementor-element elementor-element-68700be elementor-widget elementor-widget-video\" data-id=\"68700be\" data-element_type=\"widget\" data-e-type=\"widget\" data-settings=\"{&quot;youtube_url&quot;:&quot;https:\\\/\\\/www.youtube.com\\\/watch?v=XHOmBV4js_E&quot;,&quot;video_type&quot;:&quot;youtube&quot;,&quot;controls&quot;:&quot;yes&quot;}\" data-widget_type=\"video.default\">\n\t\t\t\t<div class=\"elementor-widget-container\">\n\t\t\t\t\t\t\t<div class=\"elementor-wrapper elementor-open-inline\">\n\t\t\t<div class=\"elementor-video\"><\/div>\t\t<\/div>\n\t\t\t\t\t\t<\/div>\n\t\t\t\t<\/div>\n\t\t\t\t<\/div>\n\t\t<div class=\"elementor-element elementor-element-8ee074d e-con-full e-flex e-con e-child\" data-id=\"8ee074d\" data-element_type=\"container\" data-e-type=\"container\">\n\t\t\t\t<div class=\"elementor-element elementor-element-33cbdcd elementor-widget elementor-widget-heading\" data-id=\"33cbdcd\" data-element_type=\"widget\" data-e-type=\"widget\" data-widget_type=\"heading.default\">\n\t\t\t\t<div class=\"elementor-widget-container\">\n\t\t\t\t\t<h2 class=\"elementor-heading-title elementor-size-default\">A\u00f1ade aqu\u00ed tu texto de cabecera<\/h2>\t\t\t\t<\/div>\n\t\t\t\t<\/div>\n\t\t\t\t<div class=\"elementor-element elementor-element-4295561 elementor-widget elementor-widget-text-editor\" data-id=\"4295561\" data-element_type=\"widget\" data-e-type=\"widget\" data-widget_type=\"text-editor.default\">\n\t\t\t\t<div class=\"elementor-widget-container\">\n\t\t\t\t\t\t\t\t\t<p>Lorem ipsum dolor sit amet, consectetur adipiscing elit. Ut elit tellus, luctus nec ullamcorper mattis, pulvinar dapibus leo.<\/p>\t\t\t\t\t\t\t\t<\/div>\n\t\t\t\t<\/div>\n\t\t\t\t<\/div>\n\t\t\t\t\t<\/div>\n\t\t\t\t<\/div>\n\t\t\t\t<\/div>","protected":false},"excerpt":{"rendered":"<p>Equipo Yoga A\u00f1ade aqu\u00ed tu texto de cabecera Lorem ipsum dolor sit amet, consectetur adipiscing elit. Ut elit tellus, luctus nec ullamcorper mattis, pulvinar dapibus leo.<\/p>","protected":false},"author":1,"featured_media":0,"parent":0,"menu_order":0,"comment_status":"closed","ping_status":"closed","template":"elementor_canvas","meta":{"footnotes":""},"class_list":["post-1682","page","type-page","status-publish","hentry"],"yoast_head":"<!-- This site is optimized with the Yoast SEO plugin v27.5 - https:\/\/yoast.com\/product\/yoast-seo-wordpress\/ -->\n<title>Eventos - Llum Yoga<\/title>\n<meta name=\"robots\" content=\"index, follow, max-snippet:-1, max-image-preview:large, max-video-preview:-1\" \/>\n<link rel=\"canonical\" href=\"https:\/\/llumyoga.com\/eus\/eventos\/\" \/>\n<meta property=\"og:locale\" content=\"en_US\" \/>\n<meta property=\"og:type\" content=\"article\" \/>\n<meta property=\"og:title\" content=\"Eventos - Llum Yoga\" \/>\n<meta property=\"og:description\" content=\"Equipo Yoga A\u00f1ade aqu\u00ed tu texto de cabecera Lorem ipsum dolor sit amet, consectetur adipiscing elit. Ut elit tellus, luctus nec ullamcorper mattis, pulvinar dapibus leo.\" \/>\n<meta property=\"og:url\" content=\"https:\/\/llumyoga.com\/eus\/eventos\/\" \/>\n<meta property=\"og:site_name\" content=\"Llum Yoga\" \/>\n<meta property=\"article:modified_time\" content=\"2025-09-05T12:51:45+00:00\" \/>\n<meta property=\"og:image\" content=\"https:\/\/llumyoga.com\/wp-content\/plugins\/elementor\/assets\/images\/placeholder.png\" \/>\n<meta name=\"twitter:card\" content=\"summary_large_image\" \/>\n<meta name=\"twitter:label1\" content=\"Est. reading time\" \/>\n\t<meta name=\"twitter:data1\" content=\"1 minutua\" \/>\n<script type=\"application\/ld+json\" class=\"yoast-schema-graph\">{\"@context\":\"https:\\\/\\\/schema.org\",\"@graph\":[{\"@type\":\"WebPage\",\"@id\":\"https:\\\/\\\/llumyoga.com\\\/eventos\\\/\",\"url\":\"https:\\\/\\\/llumyoga.com\\\/eventos\\\/\",\"name\":\"Eventos - Llum Yoga\",\"isPartOf\":{\"@id\":\"https:\\\/\\\/llumyoga.com\\\/#website\"},\"primaryImageOfPage\":{\"@id\":\"https:\\\/\\\/llumyoga.com\\\/eventos\\\/#primaryimage\"},\"image\":{\"@id\":\"https:\\\/\\\/llumyoga.com\\\/eventos\\\/#primaryimage\"},\"thumbnailUrl\":\"https:\\\/\\\/llumyoga.com\\\/wp-content\\\/plugins\\\/elementor\\\/assets\\\/images\\\/placeholder.png\",\"datePublished\":\"2024-11-29T11:21:32+00:00\",\"dateModified\":\"2025-09-05T12:51:45+00:00\",\"breadcrumb\":{\"@id\":\"https:\\\/\\\/llumyoga.com\\\/eventos\\\/#breadcrumb\"},\"inLanguage\":\"eu\",\"potentialAction\":[{\"@type\":\"ReadAction\",\"target\":[\"https:\\\/\\\/llumyoga.com\\\/eventos\\\/\"]}]},{\"@type\":\"ImageObject\",\"inLanguage\":\"eu\",\"@id\":\"https:\\\/\\\/llumyoga.com\\\/eventos\\\/#primaryimage\",\"url\":\"https:\\\/\\\/llumyoga.com\\\/wp-content\\\/plugins\\\/elementor\\\/assets\\\/images\\\/placeholder.png\",\"contentUrl\":\"https:\\\/\\\/llumyoga.com\\\/wp-content\\\/plugins\\\/elementor\\\/assets\\\/images\\\/placeholder.png\"},{\"@type\":\"BreadcrumbList\",\"@id\":\"https:\\\/\\\/llumyoga.com\\\/eventos\\\/#breadcrumb\",\"itemListElement\":[{\"@type\":\"ListItem\",\"position\":1,\"name\":\"Portada\",\"item\":\"https:\\\/\\\/llumyoga.com\\\/\"},{\"@type\":\"ListItem\",\"position\":2,\"name\":\"Eventos\"}]},{\"@type\":\"WebSite\",\"@id\":\"https:\\\/\\\/llumyoga.com\\\/#website\",\"url\":\"https:\\\/\\\/llumyoga.com\\\/\",\"name\":\"Llum Yoga\",\"description\":\"El yoga, la danza, el movimiento y la meditaci\u00f3n nos ofrecen a todos una oportunidad \u00fanica: desde mejorar la postura, hasta conectarnos con la calma y la armon\u00eda internas. \",\"publisher\":{\"@id\":\"https:\\\/\\\/llumyoga.com\\\/#organization\"},\"potentialAction\":[{\"@type\":\"SearchAction\",\"target\":{\"@type\":\"EntryPoint\",\"urlTemplate\":\"https:\\\/\\\/llumyoga.com\\\/?s={search_term_string}\"},\"query-input\":{\"@type\":\"PropertyValueSpecification\",\"valueRequired\":true,\"valueName\":\"search_term_string\"}}],\"inLanguage\":\"eu\"},{\"@type\":\"Organization\",\"@id\":\"https:\\\/\\\/llumyoga.com\\\/#organization\",\"name\":\"Llum Yoga\",\"url\":\"https:\\\/\\\/llumyoga.com\\\/\",\"logo\":{\"@type\":\"ImageObject\",\"inLanguage\":\"eu\",\"@id\":\"https:\\\/\\\/llumyoga.com\\\/#\\\/schema\\\/logo\\\/image\\\/\",\"url\":\"https:\\\/\\\/llumyoga.com\\\/wp-content\\\/uploads\\\/2024\\\/11\\\/cropped-LOGO1-1.png\",\"contentUrl\":\"https:\\\/\\\/llumyoga.com\\\/wp-content\\\/uploads\\\/2024\\\/11\\\/cropped-LOGO1-1.png\",\"width\":299,\"height\":671,\"caption\":\"Llum Yoga\"},\"image\":{\"@id\":\"https:\\\/\\\/llumyoga.com\\\/#\\\/schema\\\/logo\\\/image\\\/\"}}]}<\/script>\n<!-- \/ Yoast SEO plugin. -->","yoast_head_json":{"title":"Eventos - Llum Yoga","robots":{"index":"index","follow":"follow","max-snippet":"max-snippet:-1","max-image-preview":"max-image-preview:large","max-video-preview":"max-video-preview:-1"},"canonical":"https:\/\/llumyoga.com\/eus\/eventos\/","og_locale":"en_US","og_type":"article","og_title":"Eventos - Llum Yoga","og_description":"Equipo Yoga A\u00f1ade aqu\u00ed tu texto de cabecera Lorem ipsum dolor sit amet, consectetur adipiscing elit. Ut elit tellus, luctus nec ullamcorper mattis, pulvinar dapibus leo.","og_url":"https:\/\/llumyoga.com\/eus\/eventos\/","og_site_name":"Llum Yoga","article_modified_time":"2025-09-05T12:51:45+00:00","og_image":[{"url":"https:\/\/llumyoga.com\/wp-content\/plugins\/elementor\/assets\/images\/placeholder.png","type":"","width":"","height":""}],"twitter_card":"summary_large_image","twitter_misc":{"Est. reading time":"1 minutua"},"schema":{"@context":"https:\/\/schema.org","@graph":[{"@type":"WebPage","@id":"https:\/\/llumyoga.com\/eventos\/","url":"https:\/\/llumyoga.com\/eventos\/","name":"Eventos - Llum Yoga","isPartOf":{"@id":"https:\/\/llumyoga.com\/#website"},"primaryImageOfPage":{"@id":"https:\/\/llumyoga.com\/eventos\/#primaryimage"},"image":{"@id":"https:\/\/llumyoga.com\/eventos\/#primaryimage"},"thumbnailUrl":"https:\/\/llumyoga.com\/wp-content\/plugins\/elementor\/assets\/images\/placeholder.png","datePublished":"2024-11-29T11:21:32+00:00","dateModified":"2025-09-05T12:51:45+00:00","breadcrumb":{"@id":"https:\/\/llumyoga.com\/eventos\/#breadcrumb"},"inLanguage":"eu","potentialAction":[{"@type":"ReadAction","target":["https:\/\/llumyoga.com\/eventos\/"]}]},{"@type":"ImageObject","inLanguage":"eu","@id":"https:\/\/llumyoga.com\/eventos\/#primaryimage","url":"https:\/\/llumyoga.com\/wp-content\/plugins\/elementor\/assets\/images\/placeholder.png","contentUrl":"https:\/\/llumyoga.com\/wp-content\/plugins\/elementor\/assets\/images\/placeholder.png"},{"@type":"BreadcrumbList","@id":"https:\/\/llumyoga.com\/eventos\/#breadcrumb","itemListElement":[{"@type":"ListItem","position":1,"name":"Portada","item":"https:\/\/llumyoga.com\/"},{"@type":"ListItem","position":2,"name":"Eventos"}]},{"@type":"WebSite","@id":"https:\/\/llumyoga.com\/#website","url":"https:\/\/llumyoga.com\/","name":"Llum Yoga","description":"El yoga, la danza, el movimiento y la meditaci\u00f3n nos ofrecen a todos una oportunidad \u00fanica: desde mejorar la postura, hasta conectarnos con la calma y la armon\u00eda internas.","publisher":{"@id":"https:\/\/llumyoga.com\/#organization"},"potentialAction":[{"@type":"SearchAction","target":{"@type":"EntryPoint","urlTemplate":"https:\/\/llumyoga.com\/?s={search_term_string}"},"query-input":{"@type":"PropertyValueSpecification","valueRequired":true,"valueName":"search_term_string"}}],"inLanguage":"eu"},{"@type":"Organization","@id":"https:\/\/llumyoga.com\/#organization","name":"Llum Yoga","url":"https:\/\/llumyoga.com\/","logo":{"@type":"ImageObject","inLanguage":"eu","@id":"https:\/\/llumyoga.com\/#\/schema\/logo\/image\/","url":"https:\/\/llumyoga.com\/wp-content\/uploads\/2024\/11\/cropped-LOGO1-1.png","contentUrl":"https:\/\/llumyoga.com\/wp-content\/uploads\/2024\/11\/cropped-LOGO1-1.png","width":299,"height":671,"caption":"Llum Yoga"},"image":{"@id":"https:\/\/llumyoga.com\/#\/schema\/logo\/image\/"}}]}},"_links":{"self":[{"href":"https:\/\/llumyoga.com\/eus\/wp-json\/wp\/v2\/pages\/1682","targetHints":{"allow":["GET"]}}],"collection":[{"href":"https:\/\/llumyoga.com\/eus\/wp-json\/wp\/v2\/pages"}],"about":[{"href":"https:\/\/llumyoga.com\/eus\/wp-json\/wp\/v2\/types\/page"}],"author":[{"embeddable":true,"href":"https:\/\/llumyoga.com\/eus\/wp-json\/wp\/v2\/users\/1"}],"replies":[{"embeddable":true,"href":"https:\/\/llumyoga.com\/eus\/wp-json\/wp\/v2\/comments?post=1682"}],"version-history":[{"count":310,"href":"https:\/\/llumyoga.com\/eus\/wp-json\/wp\/v2\/pages\/1682\/revisions"}],"predecessor-version":[{"id":3270,"href":"https:\/\/llumyoga.com\/eus\/wp-json\/wp\/v2\/pages\/1682\/revisions\/3270"}],"wp:attachment":[{"href":"https:\/\/llumyoga.com\/eus\/wp-json\/wp\/v2\/media?parent=1682"}],"curies":[{"name":"wp","href":"https:\/\/api.w.org\/{rel}","templated":true}]}}